{"id":106,"date":"2014-03-22T11:17:03","date_gmt":"2014-03-22T09:17:03","guid":{"rendered":"http:\/\/www.ekokredits.lv\/?page_id=106"},"modified":"2014-03-22T11:18:32","modified_gmt":"2014-03-22T09:18:32","slug":"otzyvy-o-kreditax","status":"publish","type":"page","link":"https:\/\/www.ekokredits.lv\/ru\/otzyvy-o-kreditax\/","title":{"rendered":"\u041e\u0442\u0437\u044b\u0432\u044b \u043e \u043a\u0440\u0435\u0434\u0438\u0442\u0430\u0445"},"content":{"rendered":"<div style=\"text-align: justify;\">\n<div class=\"atsauksme\">\n<div class=\"virsteksts\">\n<div class=\"autors\">\n     <img decoding=\"async\" src=\"http:\/\/1.gravatar.com\/avatar\/ad516503a11cd5ca435acc9bb6523536?s=26\"\/><span class=\"autors-vards\">Oskars<\/span>\n  <\/div>\n<div class=\"datums\">07.02.14<\/div>\n<div class=\"clear\"><\/div>\n<\/div>\n<div class=\"teksts\">\n<div class=\"inner\">Bija laiks, kad nedom\u0101ju ar galvu un saboj\u0101ju savu kred\u012btv\u0113sturi. Nesen nepietika l\u012bdzek\u013cu un n\u0101c\u0101s aiz\u0146emties, bet visas komp\u0101nijas atteica, tad non\u0101cu te un izlas\u012bju par komp\u0101niju mogo, kas pied\u0101v\u0101 kred\u012btus t\u0101diem k\u0101 es. Labi, ka ir transporta l\u012bdzeklis, kaut ar\u012b vecs, bet tom\u0113r v\u0113l der, lai aiz\u0146emtos 400 eiro. Tuvojas pirmais m\u0113ne\u0161a maks\u0101jums, \u017e\u0113l gan, ka kre\u012bts ir ar procentu likmi..<\/div>\n<\/div><\/div>\n<\/div>\n<div style=\"text-align: justify;\">\n<div class=\"atsauksme\">\n<div class=\"virsteksts\">\n<div class=\"autors\">\n     <img decoding=\"async\" src=\"http:\/\/1.gravatar.com\/avatar\/ad516503a11cd5ca435acc9bb6523536?s=26\"\/><span class=\"autors-vards\">\u0410\u043d\u0442\u043e\u043d<\/span>\n  <\/div>\n<div class=\"datums\">28.01.14<\/div>\n<div class=\"clear\"><\/div>\n<\/div>\n<div class=\"teksts\">\n<div class=\"inner\">\u0414\u043e \u043e\u043f\u0440\u0435\u0434\u0435\u043b\u0435\u043d\u043d\u043e\u0433\u043e \u0432\u0440\u0435\u043c\u0435\u043d\u0438 \u0434\u0443\u043c\u0430\u043b, \u0447\u0442\u043e \u0431\u044b\u0441\u0442\u0440\u044b\u0439 \u043a\u0440\u0435\u0434\u0438\u0442 \u044d\u0442\u043e \u0440\u0430\u0437\u0432\u043e\u0434 \u043f\u043e\u043b\u043d\u044b\u0439, \u043d\u043e \u043d\u0430 \u0441\u0430\u043c\u043e\u043c \u0434\u0435\u043b\u0435 \u0432\u0441\u0435 \u043e\u043a\u0430\u0437\u0430\u043b\u043e\u0441\u044c \u043d\u0435 \u0442\u0430\u043a \u0443\u0436 \u0438 \u043f\u043b\u043e\u0445\u043e. \u0414\u0432\u0435 \u043d\u0435\u0434\u0435\u043b\u0438, \u043a\u0430\u043a \u0432\u0437\u044f\u043b \u043a\u0440\u0435\u0434\u0438\u0442 \u0438 \u043d\u0438 \u043a\u0430\u043f\u043b\u0438 \u043d\u0435 \u0436\u0430\u043b\u0435\u044e, \u043f\u0440\u0438\u0448\u043b\u043e\u0441\u044c \u043f\u043e\u0439\u0442\u0438 \u043d\u0430 \u043a\u0440\u0430\u0439\u043d\u0438\u0435 \u043c\u0435\u0440\u044b \u043f\u043e\u0441\u043b\u0435 \u0443\u0432\u043e\u043b\u044c\u043d\u0435\u043d\u0438\u044f \u0441 \u0440\u0430\u0431\u043e\u0442\u044b. \u041a \u0441\u0447\u0430\u0441\u0442\u044c\u044e \u043d\u0430\u0448\u0435\u043b\u0441\u044f \u0442\u0430\u043a\u043e\u0439 \u043a\u0440\u0435\u0434\u0438\u0442\u043e\u0440 \u043a\u0430\u043a smscredit, \u043a\u043e\u0442\u043e\u0440\u044b\u0439 \u043f\u043e\u043c\u043e\u0433 \u0438 \u0434\u0430\u043b \u043c\u043d\u0435 200 \u0435\u0432\u0440\u043e. \u0418\u043c\u0435\u043d\u043d\u043e \u044d\u0442\u0430 \u0441\u0443\u043c\u043c\u0430 \u0431\u044b\u043b\u0430 \u043d\u0435\u043e\u0431\u0445\u043e\u0434\u0438\u043c\u0430 \u043d\u0430 \u043f\u0435\u0440\u0438\u043e\u0434 \u043f\u043e\u0438\u0441\u043a\u0430 \u0440\u0430\u0431\u043e\u0442\u044b&#8230;<\/div>\n<\/div><\/div>\n<\/div>\n<div style=\"text-align: justify;\">\n<div class=\"atsauksme\">\n<div class=\"virsteksts\">\n<div class=\"autors\">\n     <img decoding=\"async\" src=\"http:\/\/1.gravatar.com\/avatar\/ad516503a11cd5ca435acc9bb6523536?s=26\"\/><span class=\"autors-vards\">Aleksejs<\/span>\n  <\/div>\n<div class=\"datums\">10.01.14<\/div>\n<div class=\"clear\"><\/div>\n<\/div>\n<div class=\"teksts\">\n<div class=\"inner\">M\u0113\u0123in\u0101ju aiz\u0146emties kred\u012btu pirms jaun\u0101 gada, bet vair\u0101kums komp\u0101niju man atteica, t\u0101p\u0113c k\u0101 esmu bezdarbnieks, tikai piestr\u0101d\u0101ju, kad ir kur. Bija nepiecie\u0161ami tikai 50Ls, diena aizg\u0101ja tam lai tos dab\u016btu. Man pal\u012bdz\u0113ja smscredit, paldies, ka tas nep\u0101rbauda darba vietu. Esmu atdevis naudu jau p\u0113c div\u0101m ned\u0113\u013c\u0101m p\u0113c k\u0101rt\u0113jas halt\u016bras. \u0160obr\u012bd viss ir labi, pat past\u0101vigu darbu esmu atradis. Paldies!<\/div>\n<\/div><\/div>\n<\/div>\n<div style=\"text-align: justify;\">\n<div class=\"atsauksme\">\n<div class=\"virsteksts\">\n<div class=\"autors\">\n     <img decoding=\"async\" src=\"http:\/\/1.gravatar.com\/avatar\/ad516503a11cd5ca435acc9bb6523536?s=26\"\/><span class=\"autors-vards\">Aija<\/span>\n  <\/div>\n<div class=\"datums\">19.12.13<\/div>\n<div class=\"clear\"><\/div>\n<\/div>\n<div class=\"teksts\">\n<div class=\"inner\">Bija nepiecie\u0161ami 200Ls, lai samaks\u0101tu par\u0101du par \u012bri. Nezin\u0101ju, kur pa\u0146emt, jo radinieku ir maz un pie tiem v\u0113rsties bija bezcer\u012bgi. Apmekl\u0113ju da\u017eas aizdev\u0113ju lapas, k\u0101m\u0113r tiku \u0161eit. P\u0113c 10 min\u016bt\u0113m biju izv\u0113l\u0113jusies jau divus aizdev\u0113jus, kuri pied\u0101v\u0101ja kred\u012btu bez procentiem. S\u0101kuma pieteicoes kredits7 kred\u012btam, bet tas diem\u017e\u0113l atteica, tom\u0113r kred\u012btu man izsniedza viasms. \u0160obr\u012bd esmu laim\u012bga, jo par\u0101du nav un kred\u012bts veiksm\u012bgi ir atmaks\u0101ts \ud83d\ude42 Ja k\u0101ds v\u0113las aiz\u0146emties, izmantojiet viasms kred\u012btu.<\/div>\n<\/div><\/div>\n<\/div>\n","protected":false},"excerpt":{"rendered":"<p>Oskars 07.02.14 Bija laiks, kad nedom\u0101ju ar galvu un saboj\u0101ju savu kred\u012btv\u0113sturi. Nesen nepietika l\u012bdzek\u013cu un n\u0101c\u0101s aiz\u0146emties, bet visas komp\u0101nijas atteica, tad non\u0101cu te un izlas\u012bju par komp\u0101niju mogo, kas pied\u0101v\u0101 kred\u012btus t\u0101diem k\u0101 es. Labi, ka ir transporta l\u012bdzeklis, kaut ar\u012b vecs, bet tom\u0113r v\u0113l der, lai aiz\u0146emtos 400 eiro. Tuvojas pirmais m\u0113ne\u0161a [&hellip;]<\/p>\n","protected":false},"author":1,"featured_media":0,"parent":0,"menu_order":0,"comment_status":"open","ping_status":"open","template":"","meta":{"footnotes":""},"class_list":["post-106","page","type-page","status-publish","hentry"],"_links":{"self":[{"href":"https:\/\/www.ekokredits.lv\/ru\/wp-json\/wp\/v2\/pages\/106","targetHints":{"allow":["GET"]}}],"collection":[{"href":"https:\/\/www.ekokredits.lv\/ru\/wp-json\/wp\/v2\/pages"}],"about":[{"href":"https:\/\/www.ekokredits.lv\/ru\/wp-json\/wp\/v2\/types\/page"}],"author":[{"embeddable":true,"href":"https:\/\/www.ekokredits.lv\/ru\/wp-json\/wp\/v2\/users\/1"}],"replies":[{"embeddable":true,"href":"https:\/\/www.ekokredits.lv\/ru\/wp-json\/wp\/v2\/comments?post=106"}],"version-history":[{"count":1,"href":"https:\/\/www.ekokredits.lv\/ru\/wp-json\/wp\/v2\/pages\/106\/revisions"}],"predecessor-version":[{"id":108,"href":"https:\/\/www.ekokredits.lv\/ru\/wp-json\/wp\/v2\/pages\/106\/revisions\/108"}],"wp:attachment":[{"href":"https:\/\/www.ekokredits.lv\/ru\/wp-json\/wp\/v2\/media?parent=106"}],"curies":[{"name":"wp","href":"https:\/\/api.w.org\/{rel}","templated":true}]}}